{"id":23,"date":"2011-08-17T17:15:44","date_gmt":"2011-08-17T15:15:44","guid":{"rendered":"http:\/\/fauver-web\/conniefauver\/?page_id=23"},"modified":"2023-07-26T01:59:11","modified_gmt":"2023-07-25T23:59:11","slug":"uber-mich","status":"publish","type":"page","link":"https:\/\/www.conniefauver.ch\/?page_id=23","title":{"rendered":"\u00dcber mich"},"content":{"rendered":"<p><strong><a href=\"http:\/\/www.conniefauver.ch\/wp-content\/uploads\/2011\/08\/2016_\u00fcber_mich1.jpg\"><img loading=\"lazy\" decoding=\"async\" class=\"alignnone wp-image-767\" src=\"http:\/\/www.conniefauver.ch\/wp-content\/uploads\/2011\/08\/2016_\u00fcber_mich1.jpg\" alt=\"2016_uber_mich\" width=\"314\" height=\"107\" srcset=\"https:\/\/www.conniefauver.ch\/wp-content\/uploads\/2011\/08\/2016_\u00fcber_mich1.jpg 770w, https:\/\/www.conniefauver.ch\/wp-content\/uploads\/2011\/08\/2016_\u00fcber_mich1-300x102.jpg 300w\" sizes=\"auto, (max-width: 314px) 100vw, 314px\" \/><\/a><br \/>\n<\/strong><span style=\"font-family: SanukOT-Regular;\">Ich wohne seit 2008 mit meinem Mann und meinen beiden T\u00f6chtern (1998 und 2002) in Stilli, direkt an der Aare. Einen stichwortartigen <span style=\"color: #a70e83;\"><strong>Lebenslauf<\/strong> <\/span>finden Sie <strong><a href=\"http:\/\/www.conniefauver.ch\/?page_id=217\">hier<\/a><\/strong>.<br \/>\n<\/span><br \/>\n<span style=\"font-family: SanukOT-Regular;\"><em>\u00abStilli ist wundersch\u00f6n gelegen. Je nach Jahreszeit l\u00e4dt die Aare zum Schwimmen, zum W\u00fcrste braten, zum \u2013 warm eingepackt \u2013Steine schiefern oder das neue Gr\u00fcn geniessen ein.\u00bb<\/em><\/span><\/p>\n<p><a href=\"http:\/\/www.conniefauver.ch\/wp-content\/uploads\/2011\/08\/2016_CF_Erziehungsrat.jpg\"><img loading=\"lazy\" decoding=\"async\" class=\"alignnone wp-image-769\" src=\"http:\/\/www.conniefauver.ch\/wp-content\/uploads\/2011\/08\/2016_CF_Erziehungsrat.jpg\" alt=\"2016_cf_erziehungsrat\" width=\"438\" height=\"121\" srcset=\"https:\/\/www.conniefauver.ch\/wp-content\/uploads\/2011\/08\/2016_CF_Erziehungsrat.jpg 1051w, https:\/\/www.conniefauver.ch\/wp-content\/uploads\/2011\/08\/2016_CF_Erziehungsrat-300x83.jpg 300w, https:\/\/www.conniefauver.ch\/wp-content\/uploads\/2011\/08\/2016_CF_Erziehungsrat-1024x283.jpg 1024w\" sizes=\"auto, (max-width: 438px) 100vw, 438px\" \/><\/a><br \/>\n<span style=\"font-family: SanukOT-Regular;\">Seit Januar 2012 bin ich\u00a0Erziehungsr\u00e4tin und berate\u00a0als Mitglied dieses Gremiums den Bildungsdirektor und das Departement BKS in allen bildungspolitisch relevanten Fragen. Weitere Informationen zum Erziehungsrat finden Sie <a href=\"https:\/\/www.ag.ch\/de\/bks\/ueber_uns_bks\/organisation_bks\/vertretungen_kommissionen\/bildung\/erziehungsrat\/erziehungsrat.jsp\" target=\"_blank\" rel=\"noopener noreferrer\">hier<\/a>.<br \/>\n<\/span><br \/>\n<span style=\"font-family: SanukOT-Regular;\"><em>\u00abDer Erziehungsrat setzt sich aus Vertretungen der politischen Parteien und der Lehrerschaft zusammen und alle sind daran interessiert, dem Departement die besten L\u00f6sungen f\u00fcr eine starke Aargauer Bildungslandschaft zu empfehlen. <em><em>Da ich im Aargau auf s\u00e4mtlichen Stufen unterrichtet habe und als selbst\u00e4ndige Unternehmerin die Privatwirtschaft kenne, kann ich wertvolle Inputs liefern.\u00bb<\/em><\/em><\/em><\/span><\/p>\n<p><a href=\"http:\/\/www.conniefauver.ch\/wp-content\/uploads\/2011\/08\/2016_frauenaargau.jpg\"><img loading=\"lazy\" decoding=\"async\" class=\"alignnone wp-image-770\" src=\"http:\/\/www.conniefauver.ch\/wp-content\/uploads\/2011\/08\/2016_frauenaargau.jpg\" alt=\"2016_frauenaargau\" width=\"480\" height=\"135\" srcset=\"https:\/\/www.conniefauver.ch\/wp-content\/uploads\/2011\/08\/2016_frauenaargau.jpg 1011w, https:\/\/www.conniefauver.ch\/wp-content\/uploads\/2011\/08\/2016_frauenaargau-300x84.jpg 300w\" sizes=\"auto, (max-width: 480px) 100vw, 480px\" \/><\/a><br \/>\n<span style=\"font-family: SanukOT-Regular;\">Von 2012 bis 2019 war ich Co-Pr\u00e4sidentin des Vereins <strong>frauen<\/strong>aargau. Im Juli durften wir das Pr\u00e4sidium in neue H\u00e4nde geben und freuen uns, dass es weitergeht. <a href=\"https:\/\/www.frauenaargau.ch\/\" target=\"_blank\" rel=\"noopener noreferrer\">Hier<\/a> finden Sie weitere Informationen zum Verein. Werden Sie Mitglied und helfen Sie mit, die Gleichstellung weiterzubringen.<\/span><\/p>\n<p><span style=\"font-family: SanukOT-Regular;\"><em>\u00abMit meiner Co-Pr\u00e4sidentin, Sandra-Anne G\u00f6belbecker, durfte ich 2012 die ehemalige FrauenLandsGemeinde \u00fcbernehmen. Der Verein heisst seither <strong>frauen<\/strong>aargau, die Ziele sind jedoch dieselben geblieben: wir haben uns mit Herzblut und viel Engagement f\u00fcr die Vernetzung, St\u00e4rkung und F\u00f6rderung von Frauen eingesetzt. Zudem organisierten wir zweimal j\u00e4hrlich einen Runden Tisch, zu dem alle Aargauer Frauenorganisationen eingeladen waren. Wir waren aktiv im Aargauer Streikkomitee beteiligt und es war uns ein grosses Anliegen, dass sich im Aargau alle Frauen* mit den Forderungen des Manifests identifizieren konnten. Aus diesem Grund war ich massgeblich beim Verfassen des <a href=\"https:\/\/www.frauenstreik-aargau.ch\/Aargauer-Manifest\/\">Aargauer Manifests<\/a> beteiligt.\u00bb<\/em><\/span><\/p>\n<p><a href=\"http:\/\/www.conniefauver.ch\/wp-content\/uploads\/2011\/08\/2016_GR_fC_hell.jpg\"><img loading=\"lazy\" decoding=\"async\" class=\"alignnone wp-image-780\" src=\"http:\/\/www.conniefauver.ch\/wp-content\/uploads\/2011\/08\/2016_GR_fC_hell.jpg\" alt=\"2016_gr_fc_hell\" width=\"660\" height=\"130\" srcset=\"https:\/\/www.conniefauver.ch\/wp-content\/uploads\/2011\/08\/2016_GR_fC_hell.jpg 1810w, https:\/\/www.conniefauver.ch\/wp-content\/uploads\/2011\/08\/2016_GR_fC_hell-300x59.jpg 300w, https:\/\/www.conniefauver.ch\/wp-content\/uploads\/2011\/08\/2016_GR_fC_hell-1024x202.jpg 1024w\" sizes=\"auto, (max-width: 660px) 100vw, 660px\" \/><\/a><br \/>\nSeit 2011 f\u00fchre ich eine eigene Kommunikationsagentur und habe 2014 mein Studium an der Uni Z\u00fcrich abgeschlossen.<\/p>\n<p><em>\u00abNachdem ich auf einer Kommunikations-Agentur das Handwerk gelernt hatte, wechselte ich auf die Kundenseite und leitete Kommunikation und Marketing der renommierten Tanzcompagnie <a href=\"http:\/\/www.flamencos-enroute.com\/\" target=\"_blank\" rel=\"noopener noreferrer\">Flamencos en route<\/a>. Im Januar 2012 habe ich den Schritt in die Selbst\u00e4ndigkeit gewagt. Meine Sprachkenntnisse, mein Organisationstalent und guten kommunikativen F\u00e4higkeiten helfen mir dabei Tag f\u00fcr Tag &#8211; sei es bei Kund:innen oder bei den Mitarbeitenden.\u00bb<\/em><\/p>\n<p><img loading=\"lazy\" decoding=\"async\" class=\"alignnone wp-image-783\" src=\"http:\/\/www.conniefauver.ch\/wp-content\/uploads\/2011\/08\/2016_GR_Sprachen_Kulturen.jpg\" alt=\"2016_gr_sprachen_kulturen\" width=\"721\" height=\"160\" srcset=\"https:\/\/www.conniefauver.ch\/wp-content\/uploads\/2011\/08\/2016_GR_Sprachen_Kulturen.jpg 1527w, https:\/\/www.conniefauver.ch\/wp-content\/uploads\/2011\/08\/2016_GR_Sprachen_Kulturen-300x67.jpg 300w, https:\/\/www.conniefauver.ch\/wp-content\/uploads\/2011\/08\/2016_GR_Sprachen_Kulturen-1024x227.jpg 1024w\" sizes=\"auto, (max-width: 721px) 100vw, 721px\" \/>Ich habe im Ausland gelebt und gearbeitet. Dabei habe ich Kultur und Sprache von anderen L\u00e4ndern kennen und sch\u00e4tzen gelernt.<\/p>\n<p><em>\u00abDieselbe Sprache zu sprechen, \u00f6ffnet einem das Tor zur Kultur und zu den Menschen eines anderen Landes. Nach der Bezirksschule wohnte ich mit meiner Familie in S\u00fcdspanien, wohin es mich in der Folge immer wieder zog.<br \/>\n<\/em><em style=\"font-size: inherit;\">W\u00e4hrend des Gymnasiums machte ich ein Austauschjahr in Uppsala, Schweden \u2013 noch heute habe ich Kontakt zu meinen Gasteltern und wir schreiben uns regelm\u00e4ssig Mails \u2013 zum Gl\u00fcck kenne ich nun sogar die Tastenkombination f\u00fcr <\/em><em>\u00e5.<\/em><em style=\"font-size: inherit;\"><br \/>\n<\/em><em>Nach meinem Studium habe ich die Welt bereist und unterwegs immer wieder als Sport- und Englischlehrerin gearbeitet, zum Beispiel am <a href=\"https:\/\/www.nagnepal.org\/\" target=\"_blank\" rel=\"noopener noreferrer\">NAG\u00a0<\/a>in Kathmandu, Nepal.<br \/>\n<\/em><em style=\"font-size: inherit;\">Als Lehrerin forderte ich meine Sch\u00fclerinnen und Sch\u00fcler immer wieder auf, den Mut zu haben zu sprechen und Fehler zu machen \u2013 und wann immer es geht die Sprache zu \u00fcben, \u00fcben, \u00fcben. Als Politikerin bin ich der \u00dcberzeugung, dass Sprache das beste Werkzeug f\u00fcr die Integration ist \u2013 Asylsuchende sollten deshalb so schnell wie m\u00f6glich in den Arbeitsprozess eingebunden werden und in direkten Kontakt mit unserer Sprache kommen.\u00bb<\/em><\/p>\n<p><a href=\"http:\/\/www.conniefauver.ch\/wp-content\/uploads\/2011\/08\/2016_GR_Hobbies.jpg\"><img loading=\"lazy\" decoding=\"async\" class=\"alignnone wp-image-784\" src=\"http:\/\/www.conniefauver.ch\/wp-content\/uploads\/2011\/08\/2016_GR_Hobbies.jpg\" alt=\"2016_gr_hobbies\" width=\"309\" height=\"118\" srcset=\"https:\/\/www.conniefauver.ch\/wp-content\/uploads\/2011\/08\/2016_GR_Hobbies.jpg 639w, https:\/\/www.conniefauver.ch\/wp-content\/uploads\/2011\/08\/2016_GR_Hobbies-300x115.jpg 300w\" sizes=\"auto, (max-width: 309px) 100vw, 309px\" \/><br \/>\n<\/a>Ich treibe gerne Sport, lese spannende B\u00fccher \u2013 am liebsten in Originalsprache, besuche Theater- und Tanzvorstellungen, diskutiere mit Freundinnen und Freunden und geniesse meine Familie.<\/p>\n<p><em>\u00abAls studierte Turn- und Sportlehrerin ist mir Bewegung in all ihren Fazetten sehr wichtig. Meine Spitzensportzeiten sind zwar l\u00e4ngst vorbei, aber ich gewinne nach wie vor gerne beim Tennis oder Volleyball, f\u00fchle wie es bei jedem Start mit dem <a href=\"http:\/\/www.aerosport.ch\/Willkommen.html\" target=\"_blank\" rel=\"noopener noreferrer\">Gleitschirm <\/a>kribbelt oder entspanne mich nach einer intensiven Yogastunde.<br \/>\n<\/em><em style=\"font-size: inherit;\">Auch kulturelle Anl\u00e4sse geniesse ich sehr. Nachdem ich die Organisation des <a href=\"https:\/\/dastanzfest.ch\/aarau\/\" target=\"_blank\" rel=\"noopener noreferrer\">Tanzfestes<\/a> in neue H\u00e4nde \u00fcbergeben hatte, waren diese f\u00fcr ein neues Projekt frei: <a href=\"https:\/\/www.cirquaarau.ch\/\" target=\"_blank\" rel=\"noopener noreferrer\">Cirqu&#8217;Aarau<\/a> \u2013 eine wunderbare Truppe, die auch in Zeiten von Corona ein Festival auf die Beine stellt, das Jung und Alt verzaubert.<br \/>\n<\/em><em> Entspannte Stunden, in, auf oder an der Aare in Stilli, m\u00fcssen ebenfalls sein, denn eine gute Life-Work-Balance ist mir wichtig.\u00bb<\/em><\/p>\n<p><a href=\"http:\/\/www.conniefauver.ch\/wp-content\/uploads\/2011\/09\/Gleitschirm_A.jpg\"><img loading=\"lazy\" decoding=\"async\" class=\"alignnone size-full wp-image-808\" src=\"http:\/\/www.conniefauver.ch\/wp-content\/uploads\/2011\/09\/Gleitschirm_A.jpg\" alt=\"gleitschirm_a\" width=\"680\" height=\"370\" srcset=\"https:\/\/www.conniefauver.ch\/wp-content\/uploads\/2011\/09\/Gleitschirm_A.jpg 680w, https:\/\/www.conniefauver.ch\/wp-content\/uploads\/2011\/09\/Gleitschirm_A-300x163.jpg 300w\" sizes=\"auto, (max-width: 680px) 100vw, 680px\" \/><\/a><\/p>\n","protected":false},"excerpt":{"rendered":"<p>Ich wohne seit 2008 mit meinem Mann und meinen beiden T\u00f6chtern (1998 und 2002) in Stilli, direkt an der Aare. Einen stichwortartigen Lebenslauf finden Sie hier. \u00abStilli ist wundersch\u00f6n gelegen. Je nach Jahreszeit l\u00e4dt die Aare zum Schwimmen, zum W\u00fcrste &hellip; <a href=\"https:\/\/www.conniefauver.ch\/?page_id=23\">Continue reading <span class=\"meta-nav\">&rarr;<\/span><\/a><\/p>\n","protected":false},"author":1,"featured_media":803,"parent":0,"menu_order":0,"comment_status":"open","ping_status":"closed","template":"onecolumn-page.php","meta":{"footnotes":""},"class_list":["post-23","page","type-page","status-publish","has-post-thumbnail","hentry"],"_links":{"self":[{"href":"https:\/\/www.conniefauver.ch\/index.php?rest_route=\/wp\/v2\/pages\/23","targetHints":{"allow":["GET"]}}],"collection":[{"href":"https:\/\/www.conniefauver.ch\/index.php?rest_route=\/wp\/v2\/pages"}],"about":[{"href":"https:\/\/www.conniefauver.ch\/index.php?rest_route=\/wp\/v2\/types\/page"}],"author":[{"embeddable":true,"href":"https:\/\/www.conniefauver.ch\/index.php?rest_route=\/wp\/v2\/users\/1"}],"replies":[{"embeddable":true,"href":"https:\/\/www.conniefauver.ch\/index.php?rest_route=%2Fwp%2Fv2%2Fcomments&post=23"}],"version-history":[{"count":51,"href":"https:\/\/www.conniefauver.ch\/index.php?rest_route=\/wp\/v2\/pages\/23\/revisions"}],"predecessor-version":[{"id":937,"href":"https:\/\/www.conniefauver.ch\/index.php?rest_route=\/wp\/v2\/pages\/23\/revisions\/937"}],"wp:featuredmedia":[{"embeddable":true,"href":"https:\/\/www.conniefauver.ch\/index.php?rest_route=\/wp\/v2\/media\/803"}],"wp:attachment":[{"href":"https:\/\/www.conniefauver.ch\/index.php?rest_route=%2Fwp%2Fv2%2Fmedia&parent=23"}],"curies":[{"name":"wp","href":"https:\/\/api.w.org\/{rel}","templated":true}]}}