{"id":177,"date":"2011-09-08T16:34:47","date_gmt":"2011-09-08T14:34:47","guid":{"rendered":"http:\/\/fauver-web\/conniefauver\/?page_id=177"},"modified":"2023-07-26T01:57:07","modified_gmt":"2023-07-25T23:57:07","slug":"home","status":"publish","type":"page","link":"https:\/\/www.conniefauver.ch\/","title":{"rendered":"Home"},"content":{"rendered":"<p><span style=\"font-family: SanukOT-Regular;\">Urspr\u00fcnglich war dies die Webseite f\u00fcr mein politisches Engagement. Mit der bravur\u00f6sen Wiederwahl von Ir\u00e8ne K\u00e4lin 2019 endete mein Einsatz bei den Gr\u00fcnen &#8211; hier findest du nur noch einige letzte Meilensteine. Dies bedeutet nat\u00fcrlich nicht,\u00a0dass ich aufh\u00f6re eine politisch interessierte Person zu sein, aber dass ich mein Engagement und Herzblut zuk\u00fcnftig noch mehr in andere Projekte investieren m\u00f6chte. Wer wissen m\u00f6chte, was ansteht und wie ich dazu stehe, kann mich gerne <a href=\"http:\/\/conniefauver(at)gmail.com\">kontaktieren<\/a>.<\/span><\/p>\n<p><strong><span style=\"font-family: SanukOT-Regular; color: #a70e83;\">Mai 2021<\/span><\/strong><br \/><span style=\"font-family: SanukOT-Regular;\">Die Pandemie macht allen zu Schaffen, es wird geklatscht und beatmet. Ich leiste meinen Beitrag in dem ich mich als Stellvertreterin f\u00fcr TTG und Franz\u00f6sisch zur Verf\u00fcgung stelle und meine Kund:innen online betreue.<\/span><\/p>\n<p><strong><span style=\"font-family: SanukOT-Regular; color: #a70e83;\">Juni 2021<\/span><\/strong><\/p>\n<p><span style=\"font-family: SanukOT-Regular;\">Endlich wieder zusammenkommen: Ich freue mich, dass es wieder m\u00f6glich ist, gemeinsam <strong><span style=\"color: #a70e83;\">Yoga<\/span><\/strong> zu machen und darauf, dass unser <strong><span style=\"color: #a70e83;\">Retreat<\/span><\/strong> stattfindet. 5 Tage Achtsamkeit werden gut tun, denn danach geht es Schlag auf Schlag:<\/span><\/p>\n<p><span style=\"font-family: SanukOT-Regular;\"><a href=\"https:\/\/www.cirquaarau.ch\/\"><strong><span style=\"color: #a70e83;\">cirqu&#8217;8<\/span><\/strong><\/a> bespielt vom 10. bis am 20. Juni diverse Orte in Aarau und verzaubert mit einem innovativen und absolut coronakonformen Programm Jung und Alt \u2013 mein letzter fauverCOMMUNICATIONS-Gig, danach \u00fcbergebe ich die Mandate und stelle mich neuen Herausforderungen.<\/span><\/p>\n<p><span style=\"font-family: SanukOT-Regular;\">Das <a href=\"https:\/\/www.redbullxalps.com\/athlete\/kinga-masztalerz-1.html\"><strong><span style=\"color: #a70e83;\">X-Alps<\/span><\/strong><\/a> findet \u2013 wider Erwarten \u2013 statt. Es f\u00fchrt dieses Jahr von Salzburg um den Mont Blanc zur\u00fcck nach Salzburg. Ich bin im Support-Team von Kinga Masztalerz und wir setzen alles daran, dass erstmals eine Frau die Ziellinie erreicht.<\/span><\/p>\n<p><strong><span style=\"font-family: SanukOT-Regular; color: #a70e83;\">Juli 2021<\/span><\/strong><\/p>\n<p><span style=\"font-family: SanukOT-Regular;\">Abschied und Anfang: Die Vorbereitung f\u00fcr die neue Stelle als Schulleiterin laufen parallel zur \u00dcbergabe der Marketing- und PR-Mandate. Es freut mich, dass meine Kundinnen und Kunden weiterhin von kompetenten und engagierten Mitarbeiterinnen betreut werden, das erleichtert das Loslassen.<\/span><\/p>\n<p><strong><span style=\"font-family: SanukOT-Regular; color: #a70e83;\">August 2021<\/span><\/strong><\/p>\n<p><span style=\"font-family: SanukOT-Regular;\">Start als Schulleiterin mit Hindernissen: Repetitives Testen \u2013 eigentlich eine gute Sache, wenn das Ganze denn funktionieren w\u00fcrde, wie es sollte. Aber wir sind zuversichtlich und ich konnte bisher alle kranken Lehrpersonen mit Stellvbertretungen besetzen \u2013 bei der momentanen Marktlage nicht selbstverst\u00e4ndlich.<\/span><\/p>\n<p><strong><span style=\"font-family: SanukOT-Regular; color: #a70e83;\">Oktober 2021<\/span><\/strong><\/p>\n<p><span style=\"font-family: SanukOT-Regular;\">Traurige Nachricht: Leider ist zu Beginn der Herbstferien unser langj\u00e4hriger Schulleiter Oberstufe verstorben. Er hinterl\u00e4sst sowohl menschlich wie auch fachlich eine grosse L\u00fccke. Ich lerne gerade, dass man auch um einen Menschen trauern kann, den man noch nicht lange gekannt hat und wie gut es tut, ein Team um sich zu haben, mit dem man dies teilen kann.\u00a0<\/span><\/p>\n<p><strong><span style=\"font-family: SanukOT-Regular; color: #a70e83;\">November 2021<\/span><\/strong><\/p>\n<p><span style=\"font-family: SanukOT-Regular;\">Politik zum Zweitletzten \u2013 Einsatz lohnt sich: Es hat mich wahnsinnig gefreut, dass Ir\u00e8ne im November f\u00fcr die Amtsperiode 21\/22 als Nationalratspr\u00e4sidentin und somit h\u00f6chste Schweizerin gew\u00e4hlt wurde.\u00a0 \u00a0<\/span><\/p>\n<p><strong><span style=\"font-family: SanukOT-Regular; color: #a70e83;\">Dezember 2021<\/span><\/strong><\/p>\n<p><span style=\"font-family: SanukOT-Regular;\">Politik zum Letzen \u2013 Bye-bye Behmen, es war mir eine Ehre: Ich habe mich entschieden nach elf Jahren nach Ende dieser Amtszeit nicht mehr als Erziehungsr\u00e4tin zu kandidieren. W\u00e4hrend des letzten Jahres konnte ich mithelfen meine Nachfolge aufzubauen \u2013 sei es im Rat selbst oder in der Maturit\u00e4tspr\u00fcfungskommission.\u00a0<\/span><\/p>\n<p><span style=\"font-family: SanukOT-Regular;\">Somit verabschiede ich mich und lasse diese Webseite noch einige Zeit bestehen \u2013 bis sie den Anspr\u00fcchen der Zeit \u00fcberhaupt nicht mehr gerecht wird.\u00a0<\/span><\/p>\n<p><strong><span style=\"font-family: SanukOT-Regular; color: #a70e83;\">ABER weil ich am Frauenstreik 2019 das Kleid noch einmal trug und ich davon ausgehe, dass es noch weitere Eins\u00e4tze gibt, lasse ich Fun with Flags weiterhin hier:<\/span><\/strong><\/p>\n<p>\u00a0<\/p>\n<p><a href=\"http:\/\/www.conniefauver.ch\/wp-content\/uploads\/2011\/09\/Fun_with_Flags1-e1441060024528.jpg\"><img loading=\"lazy\" decoding=\"async\" class=\"alignnone wp-image-604\" src=\"http:\/\/www.conniefauver.ch\/wp-content\/uploads\/2011\/09\/Fun_with_Flags1-e1441060024528.jpg\" alt=\"Fun_with_Flags\" width=\"499\" height=\"138\" srcset=\"https:\/\/www.conniefauver.ch\/wp-content\/uploads\/2011\/09\/Fun_with_Flags1-e1441060024528.jpg 1096w, https:\/\/www.conniefauver.ch\/wp-content\/uploads\/2011\/09\/Fun_with_Flags1-e1441060024528-300x83.jpg 300w, https:\/\/www.conniefauver.ch\/wp-content\/uploads\/2011\/09\/Fun_with_Flags1-e1441060024528-1024x283.jpg 1024w\" sizes=\"auto, (max-width: 499px) 100vw, 499px\" \/><\/a><\/p>\n<p><span style=\"font-family: SanukOT-Regular;\">Obwohl das Datum am Ende in der Vergangenheit liegt, ist mein Wahlvideo der Nationalratswahlen 2015\u00a0 noch immer aktuell.<\/span>\u00a0<\/p>\n<p><iframe loading=\"lazy\" title=\"Connie Fauver presents Fun with Flags\" width=\"640\" height=\"360\" src=\"https:\/\/www.youtube.com\/embed\/qw-5ybEmz_Y?feature=oembed\" frameborder=\"0\" allow=\"accelerometer; autoplay; clipboard-write; encrypted-media; gyroscope; picture-in-picture; web-share\" referrerpolicy=\"strict-origin-when-cross-origin\" allowfullscreen><\/iframe><\/p>\n\n\n<p><\/p>\n","protected":false},"excerpt":{"rendered":"<p>Urspr\u00fcnglich war dies die Webseite f\u00fcr mein politisches Engagement. Mit der bravur\u00f6sen Wiederwahl von Ir\u00e8ne K\u00e4lin 2019 endete mein Einsatz bei den Gr\u00fcnen &#8211; hier findest du nur noch einige letzte Meilensteine. Dies bedeutet nat\u00fcrlich nicht,\u00a0dass ich aufh\u00f6re eine politisch &hellip; <a href=\"https:\/\/www.conniefauver.ch\/\">Continue reading <span class=\"meta-nav\">&rarr;<\/span><\/a><\/p>\n","protected":false},"author":1,"featured_media":920,"parent":0,"menu_order":0,"comment_status":"open","ping_status":"open","template":"onecolumn-page.php","meta":{"footnotes":""},"class_list":["post-177","page","type-page","status-publish","has-post-thumbnail","hentry"],"_links":{"self":[{"href":"https:\/\/www.conniefauver.ch\/index.php?rest_route=\/wp\/v2\/pages\/177","targetHints":{"allow":["GET"]}}],"collection":[{"href":"https:\/\/www.conniefauver.ch\/index.php?rest_route=\/wp\/v2\/pages"}],"about":[{"href":"https:\/\/www.conniefauver.ch\/index.php?rest_route=\/wp\/v2\/types\/page"}],"author":[{"embeddable":true,"href":"https:\/\/www.conniefauver.ch\/index.php?rest_route=\/wp\/v2\/users\/1"}],"replies":[{"embeddable":true,"href":"https:\/\/www.conniefauver.ch\/index.php?rest_route=%2Fwp%2Fv2%2Fcomments&post=177"}],"version-history":[{"count":107,"href":"https:\/\/www.conniefauver.ch\/index.php?rest_route=\/wp\/v2\/pages\/177\/revisions"}],"predecessor-version":[{"id":936,"href":"https:\/\/www.conniefauver.ch\/index.php?rest_route=\/wp\/v2\/pages\/177\/revisions\/936"}],"wp:featuredmedia":[{"embeddable":true,"href":"https:\/\/www.conniefauver.ch\/index.php?rest_route=\/wp\/v2\/media\/920"}],"wp:attachment":[{"href":"https:\/\/www.conniefauver.ch\/index.php?rest_route=%2Fwp%2Fv2%2Fmedia&parent=177"}],"curies":[{"name":"wp","href":"https:\/\/api.w.org\/{rel}","templated":true}]}}